{"id":1616,"date":"2020-06-26T15:03:00","date_gmt":"2020-06-26T13:03:00","guid":{"rendered":"https:\/\/therma-sud.fr\/?page_id=1616"},"modified":"2020-06-26T15:15:04","modified_gmt":"2020-06-26T13:15:04","slug":"pro-service","status":"publish","type":"page","link":"https:\/\/therma-sud.fr\/index.php\/pro-service\/","title":{"rendered":"PRO SERVICE"},"content":{"rendered":"<section class=\"wpb-content-wrapper\"><p>[vc_section][vc_row][vc_column width=\u00a0\u00bb1\/3&Prime;][vc_empty_space height=\u00a0\u00bb50px\u00a0\u00bb][vc_single_image image=\u00a0\u00bb1617&Prime; img_size=\u00a0\u00bblarge\u00a0\u00bb alignment=\u00a0\u00bbcenter\u00a0\u00bb style=\u00a0\u00bbvc_box_circle_2&Prime;][\/vc_column][vc_column width=\u00a0\u00bb2\/3&Prime;][vc_empty_space height=\u00a0\u00bb50px\u00a0\u00bb]<a class=\"more page-margin-top\" href=\"https:\/\/thermasud.ms-erp.com\/login\" target=\"_blank\" title=\"ACCES PRO-SERVICE\">ACCES PRO-SERVICE<\/a>[vc_empty_space height=\u00a0\u00bb20px\u00a0\u00bb][vc_column_text]<\/p>\n<p class=\"tiny\"><strong>Chaque client ayant souscrit un contrat d\u2019entretien peut obtenir un acc\u00e8s libre \u00e0 notre extranet et en se connectant sur notre serveur, obtenir les informations relatives \u00e0 ses \u00e9quipements telles que :<br \/>\n<\/strong><span style=\"color: #f23614;\">\u2022<\/span> Le contrat en cours<br \/>\n<span style=\"color: #f23614;\">\u2022<\/span> La planification des entretiens<br \/>\n<span style=\"color: #f23614;\">\u2022<\/span> La version informatis\u00e9e des bons d\u2019intervention<br \/>\n<span style=\"color: #f23614;\">\u2022<\/span> Le d\u00e9tail des prestations de maintenance effectu\u00e9es.<br \/>\n<span style=\"color: #f23614;\">\u2022<\/span> Les devis, commandes, factures au format PDF t\u00e9l\u00e9chargeables<\/p>\n<p class=\"tiny\"><strong>Mais aussi visualiser et obtenir au format PDF :<br \/>\n<\/strong><span style=\"color: #00518e;\">\u2022 <\/span>Ses devis<br \/>\n<span style=\"color: #00518e;\">\u2022 <\/span>Ses bons d\u2019intervention<br \/>\n<span style=\"color: #00518e;\">\u2022 <\/span>Ses factures<br \/>\n<span style=\"color: #00518e;\">\u2022 <\/span>Acc\u00e9der \u00e0 la base de donn\u00e9es num\u00e9rot\u00e9e de tout ses mat\u00e9riels (marque, mod\u00e8le, num\u00e9ro de s\u00e9rie)<br \/>\n<span style=\"color: #00518e;\">\u2022 <\/span>T\u00e9l\u00e9charger notices, vues \u00e9clat\u00e9es, certificats, notes techniques, \u2026<br \/>\n<span style=\"color: #00518e;\">\u2022 <\/span>Donner son avis sur nos services gr\u00e2ce au questionnaire de satisfaction<br \/>\n<span style=\"color: #00518e;\">\u2022 <\/span>Visualiser son contrat d\u2019entretien et en contr\u00f4ler la r\u00e9alisation.<\/p>\n<p>[\/vc_column_text][\/vc_column][\/vc_row][\/vc_section]<\/p>\n<\/section>","protected":false},"excerpt":{"rendered":"<p>[vc_section][vc_row][vc_column width=\u00a0\u00bb1\/3&Prime;][vc_empty_space height=\u00a0\u00bb50px\u00a0\u00bb][vc_single_image image=\u00a0\u00bb1617&Prime; img_size=\u00a0\u00bblarge\u00a0\u00bb alignment=\u00a0\u00bbcenter\u00a0\u00bb style=\u00a0\u00bbvc_box_circle_2&Prime;][\/vc_column][vc_column width=\u00a0\u00bb2\/3&Prime;][vc_empty_space height=\u00a0\u00bb50px\u00a0\u00bb][vc_empty_space height=\u00a0\u00bb20px\u00a0\u00bb][vc_column_text] Chaque client ayant souscrit un contrat d\u2019entretien peut obtenir un acc\u00e8s libre \u00e0 notre extranet et en se connectant sur notre serveur, obtenir les informations relatives \u00e0 ses \u00e9quipements telles que : \u2022 Le contrat en cours \u2022 La planification des entretiens \u2022 La version<\/p>\n","protected":false},"author":1,"featured_media":0,"parent":0,"menu_order":0,"comment_status":"open","ping_status":"open","template":"","meta":{"footnotes":""},"class_list":["post-1616","page","type-page","status-publish","hentry"],"_links":{"self":[{"href":"https:\/\/therma-sud.fr\/index.php\/wp-json\/wp\/v2\/pages\/1616","targetHints":{"allow":["GET"]}}],"collection":[{"href":"https:\/\/therma-sud.fr\/index.php\/wp-json\/wp\/v2\/pages"}],"about":[{"href":"https:\/\/therma-sud.fr\/index.php\/wp-json\/wp\/v2\/types\/page"}],"author":[{"embeddable":true,"href":"https:\/\/therma-sud.fr\/index.php\/wp-json\/wp\/v2\/users\/1"}],"replies":[{"embeddable":true,"href":"https:\/\/therma-sud.fr\/index.php\/wp-json\/wp\/v2\/comments?post=1616"}],"version-history":[{"count":18,"href":"https:\/\/therma-sud.fr\/index.php\/wp-json\/wp\/v2\/pages\/1616\/revisions"}],"predecessor-version":[{"id":1635,"href":"https:\/\/therma-sud.fr\/index.php\/wp-json\/wp\/v2\/pages\/1616\/revisions\/1635"}],"wp:attachment":[{"href":"https:\/\/therma-sud.fr\/index.php\/wp-json\/wp\/v2\/media?parent=1616"}],"curies":[{"name":"wp","href":"https:\/\/api.w.org\/{rel}","templated":true}]}}