{"id":1349,"date":"2019-04-11T17:14:24","date_gmt":"2019-04-11T15:14:24","guid":{"rendered":"https:\/\/therma-sud.fr\/?page_id=1349"},"modified":"2019-04-17T09:54:12","modified_gmt":"2019-04-17T07:54:12","slug":"groupe_gif","status":"publish","type":"page","link":"https:\/\/therma-sud.fr\/index.php\/groupe_gif\/","title":{"rendered":"GROUPE GIF"},"content":{"rendered":"<section class=\"wpb-content-wrapper\"><p>[vc_section][vc_row][vc_column width=\u00a0\u00bb2\/3&Prime;][vc_empty_space height=\u00a0\u00bb50px\u00a0\u00bb]<h3 class=\"box-header\">Leader europ\u00e9en en installation et maintenance de cuisines professionnelles.<\/h3>[vc_empty_space height=\u00a0\u00bb12px\u00a0\u00bb]<div class=\"feature-item no-icon\"><p>Depuis 1967, les installateurs du groupement GIF met toute son expertise au service des Professionnels de la Grande Cuisine.<\/p>\n<p>\u00catre adh\u00e9rent, c\u2019est b\u00e9n\u00e9ficier d\u2019une centrale d\u2019achat avec plus de 700 000 r\u00e9f\u00e9rences, de former r\u00e9guli\u00e8rement nos \u00e9quipes chez les constructeurs et au centre de formation \u00e0 Rungis, d\u2019assurer un \u00e9change avec les Fabricants, d\u00e8s la recherche, jusqu\u2019au Service Apr\u00e8s-Vente.<\/p>\n<p>Notre adh\u00e9sion au groupement des installateurs fran\u00e7ais, nous permet d\u2019avoir un large choix de gamme de mat\u00e9riaux rigoureusement s\u00e9lectionn\u00e9s pour r\u00e9pondre aux exigences r\u00e9glementaires les plus s\u00e9v\u00e8res en mati\u00e8re de froid, lavage, pr\u00e9paration et environnement (c\u2019est plus de 700 000 r\u00e9f\u00e9rences produits qui sont s\u00e9lectionn\u00e9es par les commissions produits de la centrale d\u2019achat du GIF, selon des crit\u00e8res tr\u00e8s stricts.<br \/>\n<b>1 cuisine <\/b><b>professionnelle <\/b><b>sur 4 est install\u00e9e <\/b><b>par le GIF !<br \/>\n<\/b><a href=\"http:\/\/www.groupegif.com\">www.groupegif.com<\/a><\/p><\/div>[\/vc_column][vc_column width=\u00a0\u00bb1\/3&Prime;][vc_empty_space height=\u00a0\u00bb50px\u00a0\u00bb][vc_single_image image=\u00a0\u00bb1353&Prime; img_size=\u00a0\u00bbmedium\u00a0\u00bb][\/vc_column][\/vc_row][\/vc_section][vc_row type=\u00a0\u00bbfull-width\u00a0\u00bb top_margin=\u00a0\u00bbpage-margin-top-section\u00a0\u00bb el_class=\u00a0\u00bbpadding-top-70 padding-bottom-66&Prime; css=\u00a0\u00bb.vc_custom_1432560043730{background-color: #f5f5f5 !important;}\u00a0\u00bb][vc_column][vc_row_inner][vc_column_inner width=\u00a0\u00bb1\/3&Prime;][vc_empty_space height=\u00a0\u00bb50px\u00a0\u00bb][vc_single_image image=\u00a0\u00bb1157&Prime; alignment=\u00a0\u00bbcenter\u00a0\u00bb][\/vc_column_inner][vc_column_inner width=\u00a0\u00bb1\/3&Prime;]<h3 class=\"box-header\">LE GIF EN CHIFFRES<\/h3>[vc_empty_space height=\u00a0\u00bb15px\u00a0\u00bb]<ul class=\"list\"><li class=\"template-bullet \"><span>75 adh\u00e9rents<\/span><\/li><li class=\"template-bullet \"><span>193 millions d&rsquo;\u20ac de C.A<\/span><\/li><li class=\"template-bullet \"><span>1.000 collaborateurs<\/span><\/li><li class=\"template-bullet \"><span>170.000 r\u00e9f\u00e9rences<\/span><\/li><li class=\"template-bullet \"><span>200 fournisseurs<\/span><\/li><li class=\"template-bullet \"><span>25% de part de march\u00e9<\/span><\/li><\/ul>[\/vc_column_inner][vc_column_inner width=\u00a0\u00bb1\/3&Prime;]<h3 class=\"box-header\">CONSULTEZ LE CATALOGUE<\/h3>[vc_empty_space height=\u00a0\u00bb15px\u00a0\u00bb][vc_single_image image=\u00a0\u00bb1450&Prime; img_size=\u00a0\u00bbmedium\u00a0\u00bb alignment=\u00a0\u00bbcenter\u00a0\u00bb onclick=\u00a0\u00bbcustom_link\u00a0\u00bb img_link_target=\u00a0\u00bb_blank\u00a0\u00bb link=\u00a0\u00bbhttp:\/\/www.groupegif.com\/catalogue\/GIF-EXPRESS\/\u00a0\u00bb][\/vc_column_inner][\/vc_row_inner][\/vc_column][\/vc_row]<\/p>\n<\/section>","protected":false},"excerpt":{"rendered":"<p>[vc_section][vc_row][vc_column width=\u00a0\u00bb2\/3&Prime;][vc_empty_space height=\u00a0\u00bb50px\u00a0\u00bb][vc_empty_space height=\u00a0\u00bb12px\u00a0\u00bb][\/vc_column][vc_column width=\u00a0\u00bb1\/3&Prime;][vc_empty_space height=\u00a0\u00bb50px\u00a0\u00bb][vc_single_image image=\u00a0\u00bb1353&Prime; img_size=\u00a0\u00bbmedium\u00a0\u00bb][\/vc_column][\/vc_row][\/vc_section][vc_row type=\u00a0\u00bbfull-width\u00a0\u00bb top_margin=\u00a0\u00bbpage-margin-top-section\u00a0\u00bb el_class=\u00a0\u00bbpadding-top-70 padding-bottom-66&Prime; css=\u00a0\u00bb.vc_custom_1432560043730{background-color: #f5f5f5 !important;}\u00a0\u00bb][vc_column][vc_row_inner][vc_column_inner width=\u00a0\u00bb1\/3&Prime;][vc_empty_space height=\u00a0\u00bb50px\u00a0\u00bb][vc_single_image image=\u00a0\u00bb1157&Prime; alignment=\u00a0\u00bbcenter\u00a0\u00bb][\/vc_column_inner][vc_column_inner width=\u00a0\u00bb1\/3&Prime;][vc_empty_space height=\u00a0\u00bb15px\u00a0\u00bb][\/vc_column_inner][vc_column_inner width=\u00a0\u00bb1\/3&Prime;][vc_empty_space height=\u00a0\u00bb15px\u00a0\u00bb][vc_single_image image=\u00a0\u00bb1450&Prime; img_size=\u00a0\u00bbmedium\u00a0\u00bb alignment=\u00a0\u00bbcenter\u00a0\u00bb onclick=\u00a0\u00bbcustom_link\u00a0\u00bb img_link_target=\u00a0\u00bb_blank\u00a0\u00bb link=\u00a0\u00bbhttp:\/\/www.groupegif.com\/catalogue\/GIF-EXPRESS\/\u00a0\u00bb][\/vc_column_inner][\/vc_row_inner][\/vc_column][\/vc_row]<\/p>\n","protected":false},"author":1,"featured_media":0,"parent":0,"menu_order":0,"comment_status":"open","ping_status":"open","template":"","meta":{"footnotes":""},"class_list":["post-1349","page","type-page","status-publish","hentry"],"_links":{"self":[{"href":"https:\/\/therma-sud.fr\/index.php\/wp-json\/wp\/v2\/pages\/1349","targetHints":{"allow":["GET"]}}],"collection":[{"href":"https:\/\/therma-sud.fr\/index.php\/wp-json\/wp\/v2\/pages"}],"about":[{"href":"https:\/\/therma-sud.fr\/index.php\/wp-json\/wp\/v2\/types\/page"}],"author":[{"embeddable":true,"href":"https:\/\/therma-sud.fr\/index.php\/wp-json\/wp\/v2\/users\/1"}],"replies":[{"embeddable":true,"href":"https:\/\/therma-sud.fr\/index.php\/wp-json\/wp\/v2\/comments?post=1349"}],"version-history":[{"count":13,"href":"https:\/\/therma-sud.fr\/index.php\/wp-json\/wp\/v2\/pages\/1349\/revisions"}],"predecessor-version":[{"id":1452,"href":"https:\/\/therma-sud.fr\/index.php\/wp-json\/wp\/v2\/pages\/1349\/revisions\/1452"}],"wp:attachment":[{"href":"https:\/\/therma-sud.fr\/index.php\/wp-json\/wp\/v2\/media?parent=1349"}],"curies":[{"name":"wp","href":"https:\/\/api.w.org\/{rel}","templated":true}]}}